{"id":7435,"date":"2019-12-06T15:18:24","date_gmt":"2019-12-06T14:18:24","guid":{"rendered":"https:\/\/www.rexor.com\/?page_id=7435"},"modified":"2024-01-10T10:59:39","modified_gmt":"2024-01-10T09:59:39","slug":"shielding-filtering-wave","status":"publish","type":"page","link":"https:\/\/en.rexor.com\/en\/shielding-filtering-wave\/","title":{"rendered":"Shielding \/ filtering wave"},"content":{"rendered":"<div class=\"wpb-content-wrapper\"><p>[vc_row][vc_column]<div class=\"templatera_shortcode\"><div class=\"vc_row wpb_row vc_row-fluid banner\"><div class=\"wpb_column vc_column_container vc_col-sm-12\"><div class=\"vc_column-inner\"><div class=\"wpb_wrapper\">\n\t<div class=\"wpb_text_column wpb_content_element  text_banner\" >\n\t\t<div class=\"wpb_wrapper\">\n\t\t\t<h4 class=\"fancy-subtitle start-animation-done start-animation\" style=\"text-align: center;\"><strong><span style=\"color: #2c3a93;\">Innovative functions on flexible substrates<\/span><\/strong><\/h4>\n\n\t\t<\/div>\n\t<\/div>\n<\/div><\/div><\/div><\/div><!-- Row Backgrounds --><div class=\"upb_bg_img\" data-ultimate-bg=\"url(https:\/\/en.rexor.com\/wp-content\/uploads\/2019\/11\/fond-rexor-2.png)\" data-image-id=\"id^6856|url^https:\/\/www.rexor.com\/wp-content\/uploads\/2019\/11\/fond-rexor-2.png|caption^null|alt^null|title^fond-rexor-2|description^null\" data-ultimate-bg-style=\"vcpb-default\" data-bg-img-repeat=\"no-repeat\" data-bg-img-size=\"initial\" data-bg-img-position=\"\" data-parallx_sense=\"30\" data-bg-override=\"full\" data-bg_img_attach=\"scroll\" data-upb-overlay-color=\"\" data-upb-bg-animation=\"\" data-fadeout=\"\" data-bg-animation=\"left-animation\" data-bg-animation-type=\"h\" data-animation-repeat=\"repeat\" data-fadeout-percentage=\"30\" data-parallax-content=\"\" data-parallax-content-sense=\"30\" data-row-effect-mobile-disable=\"true\" data-img-parallax-mobile-disable=\"true\" data-rtl=\"false\"  data-custom-vc-row=\"\"  data-vc=\"8.7.2\"  data-is_old_vc=\"\"  data-theme-support=\"\"   data-overlay=\"false\" data-overlay-color=\"\" data-overlay-pattern=\"\" data-overlay-pattern-opacity=\"\" data-overlay-pattern-size=\"\"    ><\/div><\/div>[\/vc_column][\/vc_row][vc_row rt_row_background_width=&#8221;default&#8221; rt_row_style=&#8221;default-style&#8221; rt_row_borders=&#8221;&#8221; rt_row_paddings=&#8221;true&#8221; rt_bg_effect=&#8221;classic&#8221; rt_bg_image_repeat=&#8221;repeat&#8221; rt_bg_size=&#8221;cover&#8221; rt_bg_position=&#8221;right top&#8221; rt_bg_attachment=&#8221;scroll&#8221; rt_bg_video_format=&#8221;self-hosted&#8221;][vc_column width=&#8221;3\/4&#8243; rt_wrp_col_paddings=&#8221;false&#8221; rt_border_top=&#8221;&#8221; rt_border_bottom=&#8221;&#8221; rt_border_left=&#8221;&#8221; rt_border_right=&#8221;&#8221; rt_border_top_mobile=&#8221;&#8221; rt_border_bottom_mobile=&#8221;&#8221; rt_border_left_mobile=&#8221;&#8221; rt_border_right_mobile=&#8221;&#8221; rt_bg_image_repeat=&#8221;repeat&#8221; rt_bg_size=&#8221;auto auto&#8221; rt_bg_position=&#8221;right top&#8221; rt_bg_attachment=&#8221;scroll&#8221;]<div id=\"ultimate-heading-811369f25db295a0a\" class=\"uvc-heading ult-adjust-bottom-margin ultimate-heading-811369f25db295a0a uvc-9682 \" data-hspacer=\"no_spacer\"  data-halign=\"left\" style=\"text-align:left\"><div class=\"uvc-heading-spacer no_spacer\" style=\"top\"><\/div><div class=\"uvc-main-heading ult-responsive\"  data-ultimate-target='.uvc-heading.ultimate-heading-811369f25db295a0a h2'  data-responsive-json-new='{\"font-size\":\"desktop:40px;\",\"line-height\":\"\"}' ><h2 style=\"font-family:&#039;Titillium Web&#039;;font-weight:300;color:#1d73be;\">Shielding \/ filtering wave<\/h2><\/div><div class=\"uvc-sub-heading ult-responsive\"  data-ultimate-target='.uvc-heading.ultimate-heading-811369f25db295a0a .uvc-sub-heading '  data-responsive-json-new='{\"font-size\":\"\",\"line-height\":\"\"}'  style=\"font-weight:normal;\"><img decoding=\"async\" class=\"alignleft size-full wp-image-6823\" src=\"https:\/\/www.rexor.com\/wp-content\/uploads\/2019\/11\/spacer.png\" alt=\"\" width=\"66\" height=\"9\" \/><\/div><\/div>[vc_empty_space height=&#8221;15px&#8221;][vc_row_inner][vc_column_inner width=&#8221;2\/3&#8243;][vc_column_text]<img decoding=\"async\" class=\"alignleft wp-image-7151 size-full\" src=\"https:\/\/www.rexor.com\/wp-content\/uploads\/2019\/11\/Wifi-ondes-Rexor.jpg\" alt=\"RFID shielding wave-filtering film or film-plastic anti-wave complex Rexor\" width=\"86\" height=\"87\" \/><\/p>\n<p>Based on its expertise in\u00a0<strong><a href=\"https:\/\/en.rexor.com\/formulation\/\" target=\"_blank\" rel=\"noopener\">formulation<\/a><\/strong> and in\u00a0<strong><a href=\"https:\/\/en.rexor.com\/metallising\/\" target=\"_blank\" rel=\"noopener\">metallising<\/a><\/strong><span id=\"tr_0\" class=\"tr_\" data-source=\"\" data-orig=\", Rexor produit sur demande des films pr\u00e9sentant des propri\u00e9t\u00e9s\">, REXOR produces films with <strong>wave-filtering and\/or radio wave-reflecting properties<\/strong> on request by<\/span>\u00a0applying metal layers of controlled thicknesses.<\/p>\n<p>&nbsp;<\/p>\n<h4><span style=\"color: #007fc2;\"><strong><u>Application examples:<\/u><\/strong><\/span><\/h4>\n<ul>\n<li><strong>Films or laminates for RFID shielding<\/strong>\u00a0for integration into the passport booklet and data protection<\/li>\n<li><strong>Anti oven plastic film<\/strong> (high frequency radiation filtration) for personal protection<\/li>\n<\/ul>\n<p>[\/vc_column_text][\/vc_column_inner][vc_column_inner width=&#8221;1\/3&#8243;][vc_single_image image=&#8221;7154&#8243; img_size=&#8221;full&#8221; alignment=&#8221;center&#8221; style=&#8221;vc_box_shadow_3d&#8221;][\/vc_column_inner][\/vc_row_inner][\/vc_column][vc_column width=&#8221;1\/4&#8243; rt_wrp_col_paddings=&#8221;false&#8221; rt_border_top=&#8221;&#8221; rt_border_bottom=&#8221;&#8221; rt_border_left=&#8221;&#8221; rt_border_right=&#8221;&#8221; rt_border_top_mobile=&#8221;&#8221; rt_border_bottom_mobile=&#8221;&#8221; rt_border_left_mobile=&#8221;&#8221; rt_border_right_mobile=&#8221;&#8221; rt_bg_image_repeat=&#8221;repeat&#8221; rt_bg_size=&#8221;auto auto&#8221; rt_bg_position=&#8221;right top&#8221; rt_bg_attachment=&#8221;scroll&#8221; css=&#8221;.vc_custom_1574522185844{border-left-width: 1px !important;padding-right: 15px !important;padding-left: 15px !important;border-left-color: #efefef !important;border-left-style: solid !important;border-radius: 1px !important;}&#8221;][ucaddon_uc_starter_team_member border_color=&#8221;#fff&#8221; designation=&#8221;Your contact&#8221; name=&#8221;Sandrine Rancien&#8221; name_color=&#8221;#424242&#8243; iamge=&#8221;12008&#8243;]JTNDcCUyMHN0eWxlJTNEJTIydGV4dC1hbGlnbiUzQSUyMGNlbnRlciUzQiUyMiUzRSUzQ2ElMjBocmVmJTNEJTIybWFpbHRvJTNBc2FuZHJpbmUucmFuY2llbiU0MHJleG9yLmNvbSUyMiUyMHRhcmdldCUzRCUyMl9ibGFuayUyMiUyMHJlbCUzRCUyMm5vb3BlbmVyJTIwbm9yZWZlcnJlciUyMiUzRXNhbmRyaW5lLnJhbmNpZW4lNDByZXhvci5jb20lM0MlMkZhJTNFJTNDYnIlMjAlMkYlM0UlMkIlMjAzMyUyMCUyODAlMjk2LjY2LjgzLjI3Ljg4JTNDJTJGcCUzRQ==[\/ucaddon_uc_starter_team_member][\/vc_column][\/vc_row]<\/p>\n<\/div>","protected":false},"excerpt":{"rendered":"<p>Innovative functions on flexible substrates Shielding \/ filtering wave Based on its expertise in\u00a0formulation and in\u00a0metallising, REXOR produces films with wave-filtering and\/or radio wave-reflecting properties on request by\u00a0applying metal layers of controlled thicknesses. &nbsp; Application examples: Films or laminates for RFID shielding\u00a0for integration into the passport booklet and data protection Anti oven plastic film (high&hellip;<\/p>\n","protected":false},"author":2,"featured_media":12350,"parent":0,"menu_order":0,"comment_status":"closed","ping_status":"closed","template":"template-security.php","meta":{"footnotes":""},"class_list":["post-7435","page","type-page","status-publish","has-post-thumbnail","hentry","description-off"],"aioseo_notices":[],"_links":{"self":[{"href":"https:\/\/en.rexor.com\/en\/wp-json\/wp\/v2\/pages\/7435","targetHints":{"allow":["GET"]}}],"collection":[{"href":"https:\/\/en.rexor.com\/en\/wp-json\/wp\/v2\/pages"}],"about":[{"href":"https:\/\/en.rexor.com\/en\/wp-json\/wp\/v2\/types\/page"}],"author":[{"embeddable":true,"href":"https:\/\/en.rexor.com\/en\/wp-json\/wp\/v2\/users\/2"}],"replies":[{"embeddable":true,"href":"https:\/\/en.rexor.com\/en\/wp-json\/wp\/v2\/comments?post=7435"}],"version-history":[{"count":0,"href":"https:\/\/en.rexor.com\/en\/wp-json\/wp\/v2\/pages\/7435\/revisions"}],"wp:featuredmedia":[{"embeddable":true,"href":"https:\/\/en.rexor.com\/en\/wp-json\/wp\/v2\/media\/12350"}],"wp:attachment":[{"href":"https:\/\/en.rexor.com\/en\/wp-json\/wp\/v2\/media?parent=7435"}],"curies":[{"name":"wp","href":"https:\/\/api.w.org\/{rel}","templated":true}]}}